{"id":435,"date":"2023-08-20T20:23:30","date_gmt":"2023-08-20T18:23:30","guid":{"rendered":"https:\/\/omnibus.center\/?page_id=435"},"modified":"2023-08-20T21:04:58","modified_gmt":"2023-08-20T19:04:58","slug":"studio-for-children","status":"publish","type":"page","link":"https:\/\/omnibus.center\/ru\/our-offer\/studio-for-children\/","title":{"rendered":"\u0412\u043e\u043a\u0430\u043b\u044c\u043d\u043e-\u0442\u0435\u0430\u0442\u0440\u0430\u043b\u044c\u043d\u0430\u044f \u0441\u0442\u0443\u0434\u0438\u044f \u0434\u043b\u044f \u0434\u0435\u0442\u0435\u0439"},"content":{"rendered":"<p><em>\u0414\u0415\u0422\u0421\u041a\u0410\u042f \u0412\u041e\u041a\u0410\u041b\u042c\u041d\u041e-\u0422\u0415\u0410\u0422\u0420\u0410\u041b\u042c\u041d\u0410\u042f \u0421\u0422\u0423\u0414\u0418\u042f \u0414\u041b\u042f \u0414\u0415\u0422\u0415\u0419 \u0418 \u041f\u041e\u0414\u0420\u041e\u0421\u0422\u041a\u041e\u0412 <\/em><em style=\"font-size: 1rem;\">\u041e\u0422 3 \u0414\u041e 16 \u041b\u0415\u0422<\/em><\/p>\n<p>\u0421\u0442\u0443\u0434\u0438\u044f \u0440\u0430\u0431\u043e\u0442\u0430\u0435\u0442 \u043f\u0440\u0438 \u0442\u0435\u0430\u0442\u0440\u0435 \u00abOMNIBUS\u00bb \u0441 2019 \u0433\u043e\u0434\u0430. \u0417\u0430\u043d\u044f\u0442\u0438\u044f \u043f\u0440\u043e\u0432\u043e\u0434\u044f\u0442\u0441\u044f \u043d\u0430 \u0440\u0443\u0441\u0441\u043a\u043e\u043c \u0438 \u0441\u043b\u043e\u0432\u0430\u0446\u043a\u043e\u043c \u044f\u0437\u044b\u043a\u0430\u0445. \u041e\u043f\u044b\u0442\u043d\u044b\u0435 \u043f\u0435\u0434\u0430\u0433\u043e\u0433\u0438 \u0441\u0442\u0443\u0434\u0438\u0438 \u2013 \u0440\u0435\u0436\u0438\u0441\u0441\u0451\u0440 \u0438 \u0430\u043a\u0442\u0451\u0440\u044b \u0442\u0435\u0430\u0442\u0440\u0430.<\/p>\n<p>\u041c\u044b \u043e\u0431\u0443\u0447\u0430\u0435\u043c \u0430\u043a\u0442\u0451\u0440\u0441\u043a\u043e\u043c\u0443 \u043c\u0430\u0441\u0442\u0435\u0440\u0441\u0442\u0432\u0443, \u0441\u0446\u0435\u043d\u0438\u0447\u0435\u0441\u043a\u043e\u0439 \u0440\u0435\u0447\u0438, \u0430\u043d\u0441\u0430\u043c\u0431\u043b\u0435\u0432\u043e\u043c\u0443 \u043f\u0435\u043d\u0438\u044e, \u0443\u0434\u0435\u043b\u044f\u0435\u043c \u0431\u043e\u043b\u044c\u0448\u043e\u0435 \u0432\u043d\u0438\u043c\u0430\u043d\u0438\u0435 \u0440\u0430\u0437\u0432\u0438\u0442\u0438\u044e \u0444\u0430\u043d\u0442\u0430\u0437\u0438\u0438 \u0438 \u043c\u0443\u0437\u044b\u043a\u0430\u043b\u044c\u043d\u043e\u043c\u0443 \u0440\u0430\u0437\u0432\u0438\u0442\u0438\u044e.<\/p>\n<p>\u0427\u0435\u043c\u0443 \u043d\u0430\u0443\u0447\u0430\u0442\u0441\u044f \u0441\u0442\u0443\u0434\u0438\u0439\u0446\u044b, \u0432\u044b \u0443\u0432\u0438\u0434\u0438\u0442\u0435 \u043d\u0430 \u043a\u043e\u043d\u0446\u0435\u0440\u0442\u0435 \u0438\u043b\u0438 \u0441\u043f\u0435\u043a\u0442\u0430\u043a\u043b\u0435.<\/p>\n<p>\u0416\u0434\u0451\u043c \u0432\u0430\u0441 \u043f\u043e \u0430\u0434\u0440\u0435\u0441\u0443: Staromestsk\u00fd centrum kult\u00fary a&nbsp;vzdel\u00e1vania, \u0160kolsk\u00e1 14, Bratislava.<\/p>\n<p>\u0417\u0430\u043d\u044f\u0442\u0438\u044f \u043f\u0440\u043e\u0445\u043e\u0434\u044f\u0442 1 \u0440\u0430\u0437 \u0432 \u043d\u0435\u0434\u0435\u043b\u044e.<\/p>\n<p>\u0414\u043d\u0438 \u0437\u0430\u043d\u044f\u0442\u0438\u0439 <strong>\u0432 \u0440\u0443\u0441\u0441\u043a\u043e\u044f\u0437\u044b\u0447\u043d\u044b\u0445 \u0433\u0440\u0443\u043f\u043f\u0430\u0445<\/strong> \u2013 \u043f\u043e\u043d\u0435\u0434\u0435\u043b\u044c\u043d\u0438\u043a, \u043f\u044f\u0442\u043d\u0438\u0446\u0430<\/p>\n<p>1 \u0433\u0440\u0443\u043f\u043f\u0430 (\u043e\u0442 3 \u0434\u043e 5 \u043b\u0435\u0442) &#8212; \u043f\u044f\u0442\u043d\u0438\u0446\u0430 17.00 &#8212; 17.45<br \/>\n\u041f\u0440\u043e\u0434\u043e\u043b\u0436\u0438\u0442\u0435\u043b\u044c\u043d\u043e\u0441\u0442\u044c \u0437\u0430\u043d\u044f\u0442\u0438\u044f \u2013 45 \u043c\u0438\u043d\u0443\u0442<br \/>\n\u0421\u0442\u043e\u0438\u043c\u043e\u0441\u0442\u044c \u2013 45 \u0435\u0432\u0440\u043e \u0432 \u043c\u0435\u0441\u044f\u0446 \u0438\u043b\u0438 12 \u0435\u0432\u0440\u043e \u0437\u0430 1 \u0437\u0430\u043d\u044f\u0442\u0438\u0435<\/p>\n<p>2 \u0433\u0440\u0443\u043f\u043f\u0430 (\u043e\u0442 6 \u0434\u043e 10 \u043b\u0435\u0442) &#8212; \u043f\u043e\u043d\u0435\u0434\u0435\u043b\u044c\u043d\u0438\u043a 18.00 &#8212; 19.00<br \/>\n\u041f\u0440\u043e\u0434\u043e\u043b\u0436\u0438\u0442\u0435\u043b\u044c\u043d\u043e\u0441\u0442\u044c \u0437\u0430\u043d\u044f\u0442\u0438\u044f \u2013 1 \u0447\u0430\u0441<br \/>\n\u0421\u0442\u043e\u0438\u043c\u043e\u0441\u0442\u044c \u2013 55 \u0435\u0432\u0440\u043e \u0432 \u043c\u0435\u0441\u044f\u0446 \u0438\u043b\u0438 15 \u0435\u0432\u0440\u043e \u0437\u0430 1 \u0437\u0430\u043d\u044f\u0442\u0438\u0435<\/p>\n<p>3 \u0433\u0440\u0443\u043f\u043f\u0430 (\u043e\u0442 11 \u0434\u043e 16 \u043b\u0435\u0442) &#8212; \u043f\u044f\u0442\u043d\u0438\u0446\u0430 18.00 &#8212; 19.00<br \/>\n\u041f\u0440\u043e\u0434\u043e\u043b\u0436\u0438\u0442\u0435\u043b\u044c\u043d\u043e\u0441\u0442\u044c \u0437\u0430\u043d\u044f\u0442\u0438\u044f \u2013 1 \u0447\u0430\u0441<br \/>\n\u0421\u0442\u043e\u0438\u043c\u043e\u0441\u0442\u044c \u2013 55 \u0435\u0432\u0440\u043e \u0432 \u043c\u0435\u0441\u044f\u0446 \u0438\u043b\u0438 15 \u0435\u0432\u0440\u043e \u0437\u0430 1 \u0437\u0430\u043d\u044f\u0442\u0438\u0435<\/p>\n<p>\u0413\u0440\u0443\u043f\u043f\u0430, \u0432 \u043a\u043e\u0442\u043e\u0440\u043e\u0439 \u043e\u0431\u0443\u0447\u0435\u043d\u0438\u0435 \u043f\u0440\u043e\u0432\u043e\u0434\u0438\u0442\u0441\u044f <strong>\u043d\u0430 \u0441\u043b\u043e\u0432\u0430\u0446\u043a\u043e\u043c \u044f\u0437\u044b\u043a\u0435<\/strong>, \u0437\u0430\u043d\u0438\u043c\u0430\u0435\u0442\u0441\u044f \u043f\u043e \u0447\u0435\u0442\u0432\u0435\u0440\u0433\u0430\u043c \u0441 16.45 \u0434\u043e 17.45. \u0412\u043e\u0437\u0440\u0430\u0441\u0442 \u0434\u0435\u0442\u0435\u0439 \u2013 \u043e\u0442 5 \u0434\u043e 12 \u043b\u0435\u0442<br \/>\n\u041f\u0440\u043e\u0434\u043e\u043b\u0436\u0438\u0442\u0435\u043b\u044c\u043d\u043e\u0441\u0442\u044c \u0437\u0430\u043d\u044f\u0442\u0438\u044f \u2013 1 \u0447\u0430\u0441<br \/>\n\u0421\u0442\u043e\u0438\u043c\u043e\u0441\u0442\u044c \u2013 55 \u0435\u0432\u0440\u043e \u0432 \u043c\u0435\u0441\u044f\u0446 \u0438\u043b\u0438 15 \u0435\u0432\u0440\u043e \u0437\u0430 1 \u0437\u0430\u043d\u044f\u0442\u0438\u0435<\/p>\n<p>\u041f\u0440\u043e\u0431\u043d\u043e\u0435 \u0437\u0430\u043d\u044f\u0442\u0438\u0435 \u2013 \u0431\u0435\u0441\u043f\u043b\u0430\u0442\u043d\u043e.<\/p>\n<p>\u0417\u0430\u043f\u0438\u0441\u0430\u0442\u044c\u0441\u044f \u0432 \u0441\u0442\u0443\u0434\u0438\u044e \u043c\u043e\u0436\u043d\u043e, \u0437\u0430\u043f\u043e\u043b\u043d\u0438\u0432 \u0434\u0430\u043d\u043d\u0443\u044e \u0444\u043e\u0440\u043c\u0443: <a href=\"https:\/\/l.facebook.com\/l.php?u=https%3A%2F%2Fforms.gle%2FzV3NpQo7ehFeGvrH6%3Ffbclid%3DIwAR12y-_olbu3REXQkV4_9GZnc8aVrlPUMJU2wxKRWkf9-YknAcLa7K_FfaQ&amp;h=AT2U0g6fLhFtX8SWzEQ0uK7DQDekSWSNvRIhDIZ65I_Ucpe4xQbhBaB51CjL4JaDnWrb2k2GdqxPXgUba2eEopB8MNQwk94KFRLnFfHJgyPNI_4pdzmDJZ70gdjG7EfTrdCmXTZf7nKbbMIoumma&amp;__tn__=-UK-R&amp;c%5b0%5d=AT0exmt8IOWSTiEED9yAmbKmnPJcB6K4eCWbJ8CNzVyCTUmjW6agPrZkmhdDPaaRxM4QToGRK_5LZ83oZu5ffZnvITO-AScsRK8sDRPEcPMaf56UwSkwvrE5z6XPf-9V18n3570dD4TXuVQrR4kVQ4K2SpgVIg\">https:\/\/forms.gle\/zV3NpQo7ehFeGvrH6<\/a>, \u043d\u0430\u043f\u0438\u0441\u0430\u0432 \u043d\u0430 +421 944 350 962 (WhatsApp) \u0438\u043b\u0438 <a href=\"mailto:omnibusdivadlo@gmail.com\">omnibusdivadlo@gmail.com<\/a><\/p>\n<p>\u0417\u0430\u0434\u0430\u0442\u044c \u0432\u043e\u043f\u0440\u043e\u0441\u044b \u0432\u044b \u043c\u043e\u0436\u0435\u0442\u0435 \u043f\u043e \u0442\u0435\u043b\u0435\u0444\u043e\u043d\u0443 +421 944 350 962 \u0438\u043b\u0438 \u043d\u0430\u043f\u0438\u0441\u0430\u0432 \u043d\u0430\u043c \u0432 \u043c\u0435\u0441\u0441\u0435\u043d\u0434\u0436\u0435\u0440 https:\/\/www.facebook.com\/omnibustheater<\/p>\n<div id='gallery-1' class='gallery galleryid-435 gallery-columns-4 gallery-size-thumbnail'><figure class='gallery-item'>\n\t\t\t<div class='gallery-icon landscape'>\n\t\t\t\t<a href='https:\/\/omnibus.center\/wp-content\/uploads\/01-Detske-studioFotky.jpg'><img loading=\"lazy\" decoding=\"async\" width=\"200\" height=\"200\" src=\"https:\/\/omnibus.center\/wp-content\/uploads\/01-Detske-studioFotky-200x200.jpg\" class=\"attachment-thumbnail size-thumbnail\" alt=\"\" srcset=\"https:\/\/omnibus.center\/wp-content\/uploads\/01-Detske-studioFotky-200x200.jpg 200w, https:\/\/omnibus.center\/wp-content\/uploads\/01-Detske-studioFotky-100x100.jpg 100w\" sizes=\"auto, 100vw\" \/><\/a>\n\t\t\t<\/div><\/figure><figure class='gallery-item'>\n\t\t\t<div class='gallery-icon landscape'>\n\t\t\t\t<a href='https:\/\/omnibus.center\/wp-content\/uploads\/02-Detske-studioFotky-scaled.jpg'><img loading=\"lazy\" decoding=\"async\" width=\"200\" height=\"200\" src=\"https:\/\/omnibus.center\/wp-content\/uploads\/02-Detske-studioFotky-200x200.jpg\" class=\"attachment-thumbnail size-thumbnail\" alt=\"\" srcset=\"https:\/\/omnibus.center\/wp-content\/uploads\/02-Detske-studioFotky-200x200.jpg 200w, https:\/\/omnibus.center\/wp-content\/uploads\/02-Detske-studioFotky-100x100.jpg 100w\" sizes=\"auto, 100vw\" \/><\/a>\n\t\t\t<\/div><\/figure><figure class='gallery-item'>\n\t\t\t<div class='gallery-icon portrait'>\n\t\t\t\t<a href='https:\/\/omnibus.center\/wp-content\/uploads\/03-Detske-studioFotky-scaled.jpg'><img loading=\"lazy\" decoding=\"async\" width=\"200\" height=\"200\" src=\"https:\/\/omnibus.center\/wp-content\/uploads\/03-Detske-studioFotky-200x200.jpg\" class=\"attachment-thumbnail size-thumbnail\" alt=\"\" srcset=\"https:\/\/omnibus.center\/wp-content\/uploads\/03-Detske-studioFotky-200x200.jpg 200w, https:\/\/omnibus.center\/wp-content\/uploads\/03-Detske-studioFotky-100x100.jpg 100w\" sizes=\"auto, 100vw\" \/><\/a>\n\t\t\t<\/div><\/figure><figure class='gallery-item'>\n\t\t\t<div class='gallery-icon portrait'>\n\t\t\t\t<a href='https:\/\/omnibus.center\/wp-content\/uploads\/04-Detske-studioFotky-scaled.jpg'><img loading=\"lazy\" decoding=\"async\" width=\"200\" height=\"200\" src=\"https:\/\/omnibus.center\/wp-content\/uploads\/04-Detske-studioFotky-200x200.jpg\" class=\"attachment-thumbnail size-thumbnail\" alt=\"\" srcset=\"https:\/\/omnibus.center\/wp-content\/uploads\/04-Detske-studioFotky-200x200.jpg 200w, https:\/\/omnibus.center\/wp-content\/uploads\/04-Detske-studioFotky-100x100.jpg 100w\" sizes=\"auto, 100vw\" \/><\/a>\n\t\t\t<\/div><\/figure><figure class='gallery-item'>\n\t\t\t<div class='gallery-icon landscape'>\n\t\t\t\t<a href='https:\/\/omnibus.center\/wp-content\/uploads\/05-Detske-studioFotky-scaled.jpg'><img loading=\"lazy\" decoding=\"async\" width=\"200\" height=\"200\" src=\"https:\/\/omnibus.center\/wp-content\/uploads\/05-Detske-studioFotky-200x200.jpg\" class=\"attachment-thumbnail size-thumbnail\" alt=\"\" srcset=\"https:\/\/omnibus.center\/wp-content\/uploads\/05-Detske-studioFotky-200x200.jpg 200w, https:\/\/omnibus.center\/wp-content\/uploads\/05-Detske-studioFotky-100x100.jpg 100w\" sizes=\"auto, 100vw\" \/><\/a>\n\t\t\t<\/div><\/figure><figure class='gallery-item'>\n\t\t\t<div class='gallery-icon portrait'>\n\t\t\t\t<a href='https:\/\/omnibus.center\/wp-content\/uploads\/06-Detske-studioFotky.jpg'><img loading=\"lazy\" decoding=\"async\" width=\"200\" height=\"200\" src=\"https:\/\/omnibus.center\/wp-content\/uploads\/06-Detske-studioFotky-200x200.jpg\" class=\"attachment-thumbnail size-thumbnail\" alt=\"\" srcset=\"https:\/\/omnibus.center\/wp-content\/uploads\/06-Detske-studioFotky-200x200.jpg 200w, https:\/\/omnibus.center\/wp-content\/uploads\/06-Detske-studioFotky-1200x1200.jpg 1200w, https:\/\/omnibus.center\/wp-content\/uploads\/06-Detske-studioFotky-100x100.jpg 100w\" sizes=\"auto, 100vw\" \/><\/a>\n\t\t\t<\/div><\/figure>\n\t\t<\/div>\n\n","protected":false},"excerpt":{"rendered":"<p>\u0414\u0415\u0422\u0421\u041a\u0410\u042f \u0412\u041e\u041a\u0410\u041b\u042c\u041d\u041e-\u0422\u0415\u0410\u0422\u0420\u0410\u041b\u042c\u041d\u0410\u042f \u0421\u0422\u0423\u0414\u0418\u042f \u0414\u041b\u042f \u0414\u0415\u0422\u0415\u0419 \u0418 \u041f\u041e\u0414\u0420\u041e\u0421\u0422\u041a\u041e\u0412 \u041e\u0422 3 \u0414\u041e 16 \u041b\u0415\u0422 \u0421\u0442\u0443\u0434\u0438\u044f \u0440\u0430\u0431\u043e\u0442\u0430\u0435\u0442 \u043f\u0440\u0438 \u0442\u0435\u0430\u0442\u0440\u0435 \u00abOMNIBUS\u00bb \u0441 2019 \u0433\u043e\u0434\u0430. \u0417\u0430\u043d\u044f\u0442\u0438\u044f \u043f\u0440\u043e\u0432\u043e\u0434\u044f\u0442\u0441\u044f \u043d\u0430 \u0440\u0443\u0441\u0441\u043a\u043e\u043c \u0438 \u0441\u043b\u043e\u0432\u0430\u0446\u043a\u043e\u043c \u044f\u0437\u044b\u043a\u0430\u0445. \u041e\u043f\u044b\u0442\u043d\u044b\u0435 \u043f\u0435\u0434\u0430\u0433\u043e\u0433\u0438 \u0441\u0442\u0443\u0434\u0438\u0438 \u2013 \u0440\u0435\u0436\u0438\u0441\u0441\u0451\u0440 \u0438 \u0430\u043a\u0442\u0451\u0440\u044b \u0442\u0435\u0430\u0442\u0440\u0430. \u041c\u044b \u043e\u0431\u0443\u0447\u0430\u0435\u043c \u0430\u043a\u0442\u0451\u0440\u0441\u043a\u043e\u043c\u0443 \u043c\u0430\u0441\u0442\u0435\u0440\u0441\u0442\u0432\u0443, \u0441\u0446\u0435\u043d\u0438\u0447\u0435\u0441\u043a\u043e\u0439 \u0440\u0435\u0447\u0438, \u0430\u043d\u0441\u0430\u043c\u0431\u043b\u0435\u0432\u043e\u043c\u0443 \u043f\u0435\u043d\u0438\u044e, \u0443\u0434\u0435\u043b\u044f\u0435\u043c \u0431\u043e\u043b\u044c\u0448\u043e\u0435 \u0432\u043d\u0438\u043c\u0430\u043d\u0438\u0435 \u0440\u0430\u0437\u0432\u0438\u0442\u0438\u044e \u0444\u0430\u043d\u0442\u0430\u0437\u0438\u0438 \u0438 \u043c\u0443\u0437\u044b\u043a\u0430\u043b\u044c\u043d\u043e\u043c\u0443 \u0440\u0430\u0437\u0432\u0438\u0442\u0438\u044e. \u0427\u0435\u043c\u0443 \u043d\u0430\u0443\u0447\u0430\u0442\u0441\u044f \u0441\u0442\u0443\u0434\u0438\u0439\u0446\u044b, \u0432\u044b &hellip; <\/p>\n<p class=\"link-more\"><a href=\"https:\/\/omnibus.center\/ru\/our-offer\/studio-for-children\/\" class=\"more-link\">\u0427\u0438\u0442\u0430\u0442\u044c \u0434\u0430\u043b\u0435\u0435<span class=\"screen-reader-text\"> \u00ab\u0412\u043e\u043a\u0430\u043b\u044c\u043d\u043e-\u0442\u0435\u0430\u0442\u0440\u0430\u043b\u044c\u043d\u0430\u044f \u0441\u0442\u0443\u0434\u0438\u044f \u0434\u043b\u044f \u0434\u0435\u0442\u0435\u0439\u00bb<\/span><\/a><\/p>\n","protected":false},"author":1,"featured_media":374,"parent":365,"menu_order":21,"comment_status":"closed","ping_status":"closed","template":"","meta":{"footnotes":""},"class_list":["post-435","page","type-page","status-publish","has-post-thumbnail","hentry"],"_links":{"self":[{"href":"https:\/\/omnibus.center\/ru\/wp-json\/wp\/v2\/pages\/435","targetHints":{"allow":["GET"]}}],"collection":[{"href":"https:\/\/omnibus.center\/ru\/wp-json\/wp\/v2\/pages"}],"about":[{"href":"https:\/\/omnibus.center\/ru\/wp-json\/wp\/v2\/types\/page"}],"author":[{"embeddable":true,"href":"https:\/\/omnibus.center\/ru\/wp-json\/wp\/v2\/users\/1"}],"replies":[{"embeddable":true,"href":"https:\/\/omnibus.center\/ru\/wp-json\/wp\/v2\/comments?post=435"}],"version-history":[{"count":1,"href":"https:\/\/omnibus.center\/ru\/wp-json\/wp\/v2\/pages\/435\/revisions"}],"predecessor-version":[{"id":436,"href":"https:\/\/omnibus.center\/ru\/wp-json\/wp\/v2\/pages\/435\/revisions\/436"}],"up":[{"embeddable":true,"href":"https:\/\/omnibus.center\/ru\/wp-json\/wp\/v2\/pages\/365"}],"wp:featuredmedia":[{"embeddable":true,"href":"https:\/\/omnibus.center\/ru\/wp-json\/wp\/v2\/media\/374"}],"wp:attachment":[{"href":"https:\/\/omnibus.center\/ru\/wp-json\/wp\/v2\/media?parent=435"}],"curies":[{"name":"wp","href":"https:\/\/api.w.org\/{rel}","templated":true}]}}