{"id":457,"date":"2023-08-20T21:00:21","date_gmt":"2023-08-20T19:00:21","guid":{"rendered":"https:\/\/omnibus.center\/?page_id=457"},"modified":"2023-08-20T21:02:15","modified_gmt":"2023-08-20T19:02:15","slug":"projects","status":"publish","type":"page","link":"https:\/\/omnibus.center\/ru\/omnibus\/projects\/","title":{"rendered":"\u041f\u0440\u043e\u0435\u043a\u0442\u044b"},"content":{"rendered":"<p>\u041f\u0420\u041e\u0415\u041a\u0422\u042b, \u0412 \u041a\u041e\u0422\u041e\u0420\u042b\u0425 \u041c\u042b \u041f\u0420\u0418\u041d\u0418\u041c\u0410\u041b\u0418 \u0423\u0427\u0410\u0421\u0422\u0418\u0415<\/p>\n<p><strong>LingvaFest<\/strong><strong>\u2019 <\/strong><strong>2019<\/strong><\/p>\n<p><strong>Staromestsk\u00e9 kult\u00farne leto 2020<\/strong><\/p>\n<p><strong>Divadlom k\u00a0porozumeniu 2022<\/strong><br \/>\n<em>\u043a\u0443\u043a\u043e\u043b\u044c\u043d\u044b\u0435 \u0441\u043f\u0435\u043a\u0442\u0430\u043a\u043b\u0438, \u043c\u0430\u0441\u0442\u0435\u0440-\u043a\u043b\u0430\u0441\u0441\u044b \u0438 \u0442\u0435\u0430\u0442\u0440\u0430\u043b\u044c\u043d\u0430\u044f \u0441\u0442\u0443\u0434\u0438\u044f \u0434\u043b\u044f \u0434\u0435\u0442\u0435\u0439 \u0443\u043a\u0440\u0430\u0438\u043d\u0441\u043a\u0438\u0445 \u0431\u0435\u0436\u0435\u043d\u0446\u0435\u0432<\/em><br \/>\n\u0412 \u0441\u043e\u0442\u0440\u0443\u0434\u043d\u0438\u0447\u0435\u0441\u0442\u0432\u0435 \u0441 \u0442\u0435\u0430\u0442\u0440\u043e\u043c Rozpr\u00e1vkov\u00fd Ga\u0161parko \u0438 \u0431\u043b\u0430\u0433\u043e\u0434\u0430\u0440\u044f \u043f\u043e\u0434\u0434\u0435\u0440\u0436\u043a\u0435 Nad\u00e1cia mesta Bratislava.<\/p>\n<p><strong>PUPPETS FESTIVAL 2022<\/strong><br \/>\n\u043e\u0440\u0433\u0430\u043d\u0438\u0437\u0430\u0442\u043e\u0440 \u2013 \u0442\u0435\u0430\u0442\u0440 Rozpr\u00e1vkov\u00fd Ga\u0161parko<\/p>\n<p><strong>Staromestsk\u00e9 kult\u00farne leto 2022<\/strong><\/p>\n<p><strong>Staromestsk\u00e9 kult\u00farne leto 2023<\/strong><\/p>\n<p><strong>Letn\u00e1 \u010dit\u00e1re\u0148 v\u00a0Medickej z\u00e1hrade 2023<\/strong><\/p>\n","protected":false},"excerpt":{"rendered":"<p>\u041f\u0420\u041e\u0415\u041a\u0422\u042b, \u0412 \u041a\u041e\u0422\u041e\u0420\u042b\u0425 \u041c\u042b \u041f\u0420\u0418\u041d\u0418\u041c\u0410\u041b\u0418 \u0423\u0427\u0410\u0421\u0422\u0418\u0415 LingvaFest\u2019 2019 Staromestsk\u00e9 kult\u00farne leto 2020 Divadlom k\u00a0porozumeniu 2022 \u043a\u0443\u043a\u043e\u043b\u044c\u043d\u044b\u0435 \u0441\u043f\u0435\u043a\u0442\u0430\u043a\u043b\u0438, \u043c\u0430\u0441\u0442\u0435\u0440-\u043a\u043b\u0430\u0441\u0441\u044b \u0438 \u0442\u0435\u0430\u0442\u0440\u0430\u043b\u044c\u043d\u0430\u044f \u0441\u0442\u0443\u0434\u0438\u044f \u0434\u043b\u044f \u0434\u0435\u0442\u0435\u0439 \u0443\u043a\u0440\u0430\u0438\u043d\u0441\u043a\u0438\u0445 \u0431\u0435\u0436\u0435\u043d\u0446\u0435\u0432 \u0412 \u0441\u043e\u0442\u0440\u0443\u0434\u043d\u0438\u0447\u0435\u0441\u0442\u0432\u0435 \u0441 \u0442\u0435\u0430\u0442\u0440\u043e\u043c Rozpr\u00e1vkov\u00fd Ga\u0161parko \u0438 \u0431\u043b\u0430\u0433\u043e\u0434\u0430\u0440\u044f \u043f\u043e\u0434\u0434\u0435\u0440\u0436\u043a\u0435 Nad\u00e1cia mesta Bratislava. PUPPETS FESTIVAL 2022 \u043e\u0440\u0433\u0430\u043d\u0438\u0437\u0430\u0442\u043e\u0440 \u2013 \u0442\u0435\u0430\u0442\u0440 Rozpr\u00e1vkov\u00fd Ga\u0161parko Staromestsk\u00e9 kult\u00farne leto 2022 Staromestsk\u00e9 kult\u00farne leto 2023 Letn\u00e1 \u010dit\u00e1re\u0148 &hellip; <\/p>\n<p class=\"link-more\"><a href=\"https:\/\/omnibus.center\/ru\/omnibus\/projects\/\" class=\"more-link\">\u0427\u0438\u0442\u0430\u0442\u044c \u0434\u0430\u043b\u0435\u0435<span class=\"screen-reader-text\"> \u00ab\u041f\u0440\u043e\u0435\u043a\u0442\u044b\u00bb<\/span><\/a><\/p>\n","protected":false},"author":1,"featured_media":0,"parent":38,"menu_order":10,"comment_status":"closed","ping_status":"closed","template":"","meta":{"footnotes":""},"class_list":["post-457","page","type-page","status-publish","hentry"],"_links":{"self":[{"href":"https:\/\/omnibus.center\/ru\/wp-json\/wp\/v2\/pages\/457","targetHints":{"allow":["GET"]}}],"collection":[{"href":"https:\/\/omnibus.center\/ru\/wp-json\/wp\/v2\/pages"}],"about":[{"href":"https:\/\/omnibus.center\/ru\/wp-json\/wp\/v2\/types\/page"}],"author":[{"embeddable":true,"href":"https:\/\/omnibus.center\/ru\/wp-json\/wp\/v2\/users\/1"}],"replies":[{"embeddable":true,"href":"https:\/\/omnibus.center\/ru\/wp-json\/wp\/v2\/comments?post=457"}],"version-history":[{"count":2,"href":"https:\/\/omnibus.center\/ru\/wp-json\/wp\/v2\/pages\/457\/revisions"}],"predecessor-version":[{"id":459,"href":"https:\/\/omnibus.center\/ru\/wp-json\/wp\/v2\/pages\/457\/revisions\/459"}],"up":[{"embeddable":true,"href":"https:\/\/omnibus.center\/ru\/wp-json\/wp\/v2\/pages\/38"}],"wp:attachment":[{"href":"https:\/\/omnibus.center\/ru\/wp-json\/wp\/v2\/media?parent=457"}],"curies":[{"name":"wp","href":"https:\/\/api.w.org\/{rel}","templated":true}]}}